{"id":7,"date":"2025-03-13T10:04:17","date_gmt":"2025-03-13T15:04:17","guid":{"rendered":"https:\/\/www.okdream.com.co\/?page_id=7"},"modified":"2025-03-25T14:49:27","modified_gmt":"2025-03-25T19:49:27","slug":"home","status":"publish","type":"page","link":"https:\/\/www.okdream.com.co\/","title":{"rendered":"Home"},"content":{"rendered":"\n<div class=\"wp-block-group alignfull has-ast-global-color-5-background-color has-background is-layout-constrained wp-container-core-group-is-layout-9cedb757 wp-block-group-is-layout-constrained\" style=\"min-height:700px;padding-bottom:0px;background-image:url(&apos;https:\/\/www.okdream.com.co\/wp-content\/uploads\/2025\/03\/PORTAFOLIO-MARKETING-DIGITAL-1-2.png&apos;);background-size:cover;\">\n<div class=\"wp-block-media-text is-stacked-on-mobile\" style=\"grid-template-columns:48% auto\"><figure class=\"wp-block-media-text__media\"><img loading=\"lazy\" decoding=\"async\" width=\"1000\" height=\"1000\" src=\"https:\/\/www.okdream.com.co\/wp-content\/uploads\/2025\/03\/Diseno-sin-titulo-7.png\" alt=\"\" class=\"wp-image-82 size-full\" srcset=\"https:\/\/www.okdream.com.co\/wp-content\/uploads\/2025\/03\/Diseno-sin-titulo-7.png 1000w, https:\/\/www.okdream.com.co\/wp-content\/uploads\/2025\/03\/Diseno-sin-titulo-7-300x300.png 300w, https:\/\/www.okdream.com.co\/wp-content\/uploads\/2025\/03\/Diseno-sin-titulo-7-150x150.png 150w, https:\/\/www.okdream.com.co\/wp-content\/uploads\/2025\/03\/Diseno-sin-titulo-7-768x768.png 768w\" sizes=\"auto, (max-width: 1000px) 100vw, 1000px\" \/><\/figure><div class=\"wp-block-media-text__content\">\n<h2 class=\"wp-block-heading\">Bienvenidos<\/h2>\n\n\n\n<p style=\"font-size:15px\">En <strong>OK DREAM<\/strong>, somos una agencia consultora especializada en emprendimiento y gobierno, con un enfoque integral que fusiona estrategias de marketing digital estrat\u00e9gico para fortalecer proyectos, territorios y liderazgos.<\/p>\n\n\n\n<div class=\"wp-block-buttons is-layout-flex wp-block-buttons-is-layout-flex\">\n<div class=\"wp-block-button\"><a class=\"wp-block-button__link has-ast-global-color-6-color has-black-background-color has-text-color has-background has-link-color wp-element-button\" href=\"https:\/\/api.whatsapp.com\/send?phone=573209421409&amp;text=Hola%2C%20Ok%20Dream%F0%9F%8C%9F%0A%0AQuiero%20m%C3%A1s%20informaci%C3%B3n%3F\">Cont\u00e1ctanos<\/a><\/div>\n<\/div>\n<\/div><\/div>\n<\/div>\n\n\n\n<div class=\"wp-block-group alignfull is-layout-constrained wp-container-core-group-is-layout-45b0ac4f wp-block-group-is-layout-constrained has-background\" id=\"services\" style=\"padding-top:144px;padding-bottom:0px;background-image:url(&apos;https:\/\/www.okdream.com.co\/wp-content\/uploads\/2025\/03\/PORTAFOLIO-MARKETING-DIGITAL-4-1.png&apos;);background-size:cover;\">\n<h2 class=\"wp-block-heading\">Nuestros Servicios<\/h2>\n\n\n\n<div class=\"wp-block-columns is-layout-flex wp-container-core-columns-is-layout-60cbf9bb wp-block-columns-is-layout-flex\" style=\"margin-top:50px\">\n<div class=\"wp-block-column is-layout-flow wp-container-core-column-is-layout-6b73ce23 wp-block-column-is-layout-flow\">\n<figure class=\"wp-block-gallery has-nested-images columns-default is-cropped wp-block-gallery-1 is-layout-flex wp-block-gallery-is-layout-flex\">\n<figure class=\"wp-block-image size-full\"><img loading=\"lazy\" decoding=\"async\" width=\"1080\" height=\"1350\" data-id=\"87\" src=\"https:\/\/www.okdream.com.co\/wp-content\/uploads\/2025\/03\/Diseno-sin-titulo-8.png\" alt=\"\" class=\"wp-image-87\" srcset=\"https:\/\/www.okdream.com.co\/wp-content\/uploads\/2025\/03\/Diseno-sin-titulo-8.png 1080w, https:\/\/www.okdream.com.co\/wp-content\/uploads\/2025\/03\/Diseno-sin-titulo-8-240x300.png 240w, https:\/\/www.okdream.com.co\/wp-content\/uploads\/2025\/03\/Diseno-sin-titulo-8-819x1024.png 819w, https:\/\/www.okdream.com.co\/wp-content\/uploads\/2025\/03\/Diseno-sin-titulo-8-768x960.png 768w\" sizes=\"auto, (max-width: 1080px) 100vw, 1080px\" \/><\/figure>\n<\/figure>\n\n\n\n<h3 class=\"wp-block-heading has-large-font-size\" style=\"margin-top:16px\">Gobierno y Territorio<\/h3>\n\n\n\n<p style=\"font-size:16px\">Brindamos consultor\u00eda estrat\u00e9gica en gobierno, desarrollando diagn\u00f3sticos territoriales, construcci\u00f3n de identidad program\u00e1tica, formulaci\u00f3n de propuestas y evaluaci\u00f3n de favorabilidad. Dise\u00f1amos estrategias pol\u00edticas efectivas y aplicamos marketing pol\u00edtico para optimizar la comunicaci\u00f3n y el posicionamiento del candidato<\/p>\n<\/div>\n\n\n\n<div class=\"wp-block-column is-layout-flow wp-container-core-column-is-layout-6b73ce23 wp-block-column-is-layout-flow\">\n<figure class=\"wp-block-image size-full\"><img loading=\"lazy\" decoding=\"async\" width=\"1080\" height=\"1350\" src=\"https:\/\/www.okdream.com.co\/wp-content\/uploads\/2025\/03\/Diseno-sin-titulo-9.png\" alt=\"\" class=\"wp-image-88\" srcset=\"https:\/\/www.okdream.com.co\/wp-content\/uploads\/2025\/03\/Diseno-sin-titulo-9.png 1080w, https:\/\/www.okdream.com.co\/wp-content\/uploads\/2025\/03\/Diseno-sin-titulo-9-240x300.png 240w, https:\/\/www.okdream.com.co\/wp-content\/uploads\/2025\/03\/Diseno-sin-titulo-9-819x1024.png 819w, https:\/\/www.okdream.com.co\/wp-content\/uploads\/2025\/03\/Diseno-sin-titulo-9-768x960.png 768w\" sizes=\"auto, (max-width: 1080px) 100vw, 1080px\" \/><\/figure>\n\n\n\n<h3 class=\"wp-block-heading has-large-font-size\" style=\"margin-top:16px\">Emprendimiento<\/h3>\n\n\n\n<p style=\"font-size:16px\">Ofrecemos consultor\u00eda integral para emprendedores, brindando diagn\u00f3sticos empresariales detallados, soluciones personalizadas para mejorar el crecimiento y formulaci\u00f3n de proyectos con planes de negocio estrat\u00e9gicos. Aceleramos el desarrollo de tu empresa con enfoques operativos, financieros y comerciales optimizados<\/p>\n<\/div>\n\n\n\n<div class=\"wp-block-column is-layout-flow wp-container-core-column-is-layout-6b73ce23 wp-block-column-is-layout-flow\">\n<figure class=\"wp-block-image size-full\"><img loading=\"lazy\" decoding=\"async\" width=\"1080\" height=\"1350\" src=\"https:\/\/www.okdream.com.co\/wp-content\/uploads\/2025\/03\/Diseno-sin-titulo-10.png\" alt=\"\" class=\"wp-image-89\" srcset=\"https:\/\/www.okdream.com.co\/wp-content\/uploads\/2025\/03\/Diseno-sin-titulo-10.png 1080w, https:\/\/www.okdream.com.co\/wp-content\/uploads\/2025\/03\/Diseno-sin-titulo-10-240x300.png 240w, https:\/\/www.okdream.com.co\/wp-content\/uploads\/2025\/03\/Diseno-sin-titulo-10-819x1024.png 819w, https:\/\/www.okdream.com.co\/wp-content\/uploads\/2025\/03\/Diseno-sin-titulo-10-768x960.png 768w\" sizes=\"auto, (max-width: 1080px) 100vw, 1080px\" \/><\/figure>\n\n\n\n<h3 class=\"wp-block-heading has-large-font-size\" style=\"margin-top:16px\">Marketing Digital + Marca + Web<\/h3>\n\n\n\n<p style=\"font-size:16px\">Brindamos consultor\u00eda en marketing digital, creaci\u00f3n de marca y dise\u00f1o web, desarrollando estrategias personalizadas para posicionar tu negocio. Creamos identidades visuales impactantes y sitios web optimizados que potencian tu presencia en l\u00ednea y mejoran la conexi\u00f3n con tu audiencia.<\/p>\n<\/div>\n<\/div>\n<\/div>\n\n\n\n<div class=\"wp-block-group alignfull has-ast-global-color-6-background-color has-background is-layout-constrained wp-container-core-group-is-layout-94d206d0 wp-block-group-is-layout-constrained\" id=\"about\" style=\"padding-top:143px;padding-bottom:144px;background-image:url(&apos;https:\/\/www.okdream.com.co\/wp-content\/uploads\/2025\/03\/PORTAFOLIO-MARKETING-DIGITAL-1-3.png&apos;);background-size:cover;\">\n<div class=\"wp-block-media-text has-media-on-the-right is-stacked-on-mobile is-vertically-aligned-center\"><div class=\"wp-block-media-text__content\">\n<div class=\"inherit-container-width wp-block-group is-layout-constrained wp-container-core-group-is-layout-47ce07ec wp-block-group-is-layout-constrained\" style=\"padding-right:80px\">\n<h2 class=\"wp-block-heading\" style=\"padding-right:40px\"><strong>\u00danete a nosotros y transforma tu visi\u00f3n en \u00e9xito<\/strong><\/h2>\n\n\n\n<p style=\"font-size:16px\">Si buscas llevar tu emprendimiento o liderazgo al siguiente nivel, en <strong>OK DREAM<\/strong> estamos listos para apoyarte. Nuestra metodolog\u00eda te permitir\u00e1 desarrollar estrategias s\u00f3lidas, aprovechar oportunidades de financiamiento y posicionarte con fuerza en tu sector. Trabajamos contigo de manera cercana para dise\u00f1ar soluciones que generen un impacto real y duradero.<\/p>\n\n\n\n<p style=\"font-size:16px\">No dejes que los retos te detengan. El momento de actuar es ahora. Cont\u00e1ctanos y descubre c\u00f3mo podemos ayudarte a materializar tu visi\u00f3n con estrategias innovadoras y sostenibles. Juntos, podemos hacer crecer tu proyecto y llevarlo a nuevas alturas.<\/p>\n<\/div>\n<\/div><figure class=\"wp-block-media-text__media\"><img loading=\"lazy\" decoding=\"async\" width=\"1000\" height=\"1000\" src=\"https:\/\/www.okdream.com.co\/wp-content\/uploads\/2025\/03\/Diseno-sin-titulo-6-2.png\" alt=\"\" class=\"wp-image-66 size-full\" srcset=\"https:\/\/www.okdream.com.co\/wp-content\/uploads\/2025\/03\/Diseno-sin-titulo-6-2.png 1000w, https:\/\/www.okdream.com.co\/wp-content\/uploads\/2025\/03\/Diseno-sin-titulo-6-2-300x300.png 300w, https:\/\/www.okdream.com.co\/wp-content\/uploads\/2025\/03\/Diseno-sin-titulo-6-2-150x150.png 150w, https:\/\/www.okdream.com.co\/wp-content\/uploads\/2025\/03\/Diseno-sin-titulo-6-2-768x768.png 768w\" sizes=\"auto, (max-width: 1000px) 100vw, 1000px\" \/><\/figure><\/div>\n<\/div>\n\n\n\n<div style=\"background-image:url(&apos;https:\/\/www.okdream.com.co\/wp-content\/uploads\/2025\/03\/PORTAFOLIO-MARKETING-DIGITAL-4-1.png&apos;);background-size:cover;\" class=\"wp-block-group alignfull is-layout-constrained wp-container-core-group-is-layout-6a2cfb7b wp-block-group-is-layout-constrained has-background\" id=\"reviews\">\n<figure class=\"wp-block-image aligncenter size-full is-resized\"><img loading=\"lazy\" decoding=\"async\" width=\"1000\" height=\"1000\" src=\"https:\/\/www.okdream.com.co\/wp-content\/uploads\/2025\/03\/Diseno-sin-titulo-12.png\" alt=\"\" class=\"wp-image-112\" style=\"width:60px;height:auto\" srcset=\"https:\/\/www.okdream.com.co\/wp-content\/uploads\/2025\/03\/Diseno-sin-titulo-12.png 1000w, https:\/\/www.okdream.com.co\/wp-content\/uploads\/2025\/03\/Diseno-sin-titulo-12-300x300.png 300w, https:\/\/www.okdream.com.co\/wp-content\/uploads\/2025\/03\/Diseno-sin-titulo-12-150x150.png 150w, https:\/\/www.okdream.com.co\/wp-content\/uploads\/2025\/03\/Diseno-sin-titulo-12-768x768.png 768w\" sizes=\"auto, (max-width: 1000px) 100vw, 1000px\" \/><\/figure>\n\n\n\n<p class=\"has-text-align-center\" style=\"font-size:22px;line-height:1.6\">\u201cSiempre que veas un negocio de \u00e9xito, es porque alguien tomo una decisi\u00f3n valiente\u201d<\/p>\n\n\n\n<p class=\"has-text-align-center\"><strong>Peter Drucker<\/strong><\/p>\n<\/div>\n\n\n\n<div style=\"background-image:url(&apos;https:\/\/www.okdream.com.co\/wp-content\/uploads\/2025\/03\/PORTAFOLIO-MARKETING-DIGITAL-3-1.png&apos;);background-size:cover;\" class=\"wp-block-group alignfull is-layout-constrained wp-container-core-group-is-layout-6a2cfb7b wp-block-group-is-layout-constrained has-background\" id=\"reviews\"><ul class=\"wp-block-latest-posts__list wp-block-latest-posts\"><li><a class=\"wp-block-latest-posts__post-title\" href=\"https:\/\/www.okdream.com.co\/index.php\/2025\/03\/25\/articulos\/\">Articulos<\/a><\/li>\n<\/ul><\/div>\n\n\n\n<div class=\"wp-block-group alignfull has-ast-global-color-6-background-color has-background is-layout-constrained wp-container-core-group-is-layout-3fee123f wp-block-group-is-layout-constrained\" id=\"whyus\" style=\"padding-top:144px;padding-bottom:144px;background-image:url(&apos;https:\/\/www.okdream.com.co\/wp-content\/uploads\/2025\/03\/PORTAFOLIO-MARKETING-DIGITAL-1-2.png&apos;);background-size:cover;\">\n<h2 class=\"wp-block-heading\">\u00bfPor qu\u00e9 elegirnos?<\/h2>\n\n\n\n<div class=\"wp-block-columns is-layout-flex wp-container-core-columns-is-layout-29aadeec wp-block-columns-is-layout-flex\" style=\"margin-top:60px\">\n<div class=\"wp-block-column is-layout-flow wp-container-core-column-is-layout-6b73ce23 wp-block-column-is-layout-flow\">\n<figure class=\"wp-block-image size-large\"><img decoding=\"async\" src=\"https:\/\/www.okdream.com.co\/wp-content\/themes\/astra\/inc\/assets\/images\/starter-content\/passionate.svg\" alt=\"\" class=\"wp-image-162\"\/><\/figure>\n\n\n\n<h3 class=\"wp-block-heading\" style=\"margin-top:16px\">Pasi\u00f3n por el emprendimiento<\/h3>\n\n\n\n<p>En OK DREAM, no solo ofrecemos consultor\u00eda, sino una estrategia integral para impulsar tu crecimiento y posicionamiento.<\/p>\n<\/div>\n\n\n\n<div class=\"wp-block-column is-layout-flow wp-container-core-column-is-layout-6b73ce23 wp-block-column-is-layout-flow\">\n<figure class=\"wp-block-image size-large\"><img decoding=\"async\" src=\"https:\/\/www.okdream.com.co\/wp-content\/themes\/astra\/inc\/assets\/images\/starter-content\/professional.svg\" alt=\"\" class=\"wp-image-163\"\/><\/figure>\n\n\n\n<h3 class=\"wp-block-heading\" style=\"margin-top:16px\">Profesionalismo y visi\u00f3n estrat\u00e9gica<\/h3>\n\n\n\n<p>Nuestro equipo multidisciplinario combina experiencia en econom\u00eda, pol\u00edtica, innovaci\u00f3n y marketing digital para brindarte soluciones efectivas.<\/p>\n<\/div>\n\n\n\n<div class=\"wp-block-column is-layout-flow wp-container-core-column-is-layout-6b73ce23 wp-block-column-is-layout-flow\">\n<figure class=\"wp-block-image size-large\"><img decoding=\"async\" src=\"https:\/\/www.okdream.com.co\/wp-content\/themes\/astra\/inc\/assets\/images\/starter-content\/support.svg\" alt=\"\" class=\"wp-image-164\"\/><\/figure>\n\n\n\n<h3 class=\"wp-block-heading\" style=\"margin-top:16px\">Soporte para tu \u00e9xito<\/h3>\n\n\n\n<p>Te ayudamos a estructurar proyectos, acceder a financiamiento y dise\u00f1ar estrategias que generen impacto y resultados tangibles<\/p>\n<\/div>\n<\/div>\n<\/div>\n\n\n\n<div class=\"wp-block-group alignfull is-layout-constrained wp-container-core-group-is-layout-cfcca693 wp-block-group-is-layout-constrained has-background\" id=\"contact\" style=\"padding-top:104px;padding-bottom:104px;background-image:url(&apos;https:\/\/www.okdream.com.co\/wp-content\/uploads\/2025\/03\/PORTAFOLIO-MARKETING-DIGITAL-3-1.png&apos;);background-size:cover;\">\n<div class=\"wp-block-media-text alignwide is-stacked-on-mobile is-vertically-aligned-center\"><figure class=\"wp-block-media-text__media\"><img loading=\"lazy\" decoding=\"async\" width=\"1000\" height=\"1000\" src=\"https:\/\/www.okdream.com.co\/wp-content\/uploads\/2025\/03\/Diseno-sin-titulo-11-1.png\" alt=\"\" class=\"wp-image-101 size-full\" srcset=\"https:\/\/www.okdream.com.co\/wp-content\/uploads\/2025\/03\/Diseno-sin-titulo-11-1.png 1000w, https:\/\/www.okdream.com.co\/wp-content\/uploads\/2025\/03\/Diseno-sin-titulo-11-1-300x300.png 300w, https:\/\/www.okdream.com.co\/wp-content\/uploads\/2025\/03\/Diseno-sin-titulo-11-1-150x150.png 150w, https:\/\/www.okdream.com.co\/wp-content\/uploads\/2025\/03\/Diseno-sin-titulo-11-1-768x768.png 768w\" sizes=\"auto, (max-width: 1000px) 100vw, 1000px\" \/><\/figure><div class=\"wp-block-media-text__content\">\n<div class=\"wp-block-columns is-layout-flex wp-container-core-columns-is-layout-28f84493 wp-block-columns-is-layout-flex\">\n<div class=\"wp-block-column is-vertically-aligned-top is-layout-flow wp-block-column-is-layout-flow\" style=\"flex-basis:100%\">\n<h2 class=\"wp-block-heading alignwide has-text-align-left has-ast-global-color-5-color has-text-color has-link-color wp-elements-e2f0dc5aee90711e6f97f97f7fbe18d6\" style=\"font-size:44px\">Contacto:<\/h2>\n\n\n\n<p class=\"has-ast-global-color-5-color has-text-color has-link-color wp-elements-7a8bde0371af289fbb310fb62013aec4\" style=\"margin-top:0;margin-right:0;margin-bottom:0;margin-left:0;font-size:12px\"><strong>Tel\u00e9fono:<\/strong><br>+57-320-942-1409<br><strong>Direcci\u00f3n:<\/strong><br>Carrera 28 # 26s &#8211; 41, Neiva &#8211; Huila<br><strong>Email:<\/strong><br>comercial@okdream.com.co <br><\/p>\n<\/div>\n<\/div>\n\n\n\n<div class=\"wp-block-columns is-layout-flex wp-container-core-columns-is-layout-28f84493 wp-block-columns-is-layout-flex\">\n<div class=\"wp-block-column is-layout-flow wp-block-column-is-layout-flow\"><\/div>\n<\/div>\n<\/div><\/div>\n<\/div>\n\n\n\n<p><\/p>\n","protected":false},"excerpt":{"rendered":"<p>Bienvenidos En OK DREAM, somos una agencia consultora especializada en emprendimiento y gobierno, con un enfoque integral que fusiona estrategias [&hellip;]<\/p>\n","protected":false},"author":1,"featured_media":0,"parent":0,"menu_order":0,"comment_status":"closed","ping_status":"closed","template":"","meta":{"site-sidebar-layout":"no-sidebar","site-content-layout":"plain-container","ast-site-content-layout":"","site-content-style":"default","site-sidebar-style":"default","ast-global-header-display":"","ast-banner-title-visibility":"","ast-main-header-display":"","ast-hfb-above-header-display":"","ast-hfb-below-header-display":"","ast-hfb-mobile-header-display":"","site-post-title":"disabled","ast-breadcrumbs-content":"","ast-featured-img":"","footer-sml-layout":"","theme-transparent-header-meta":"enabled","adv-header-id-meta":"","stick-header-meta":"","header-above-stick-meta":"","header-main-stick-meta":"","header-below-stick-meta":"","astra-migrate-meta-layouts":"default","ast-page-background-enabled":"default","ast-page-background-meta":{"desktop":{"background-color":"var(--ast-global-color-5)","background-image":"","background-repeat":"repeat","background-position":"center center","background-size":"auto","background-attachment":"scroll","background-type":"","background-media":"","overlay-type":"","overlay-color":"","overlay-opacity":"","overlay-gradient":""},"tablet":{"background-color":"","background-image":"","background-repeat":"repeat","background-position":"center center","background-size":"auto","background-attachment":"scroll","background-type":"","background-media":"","overlay-type":"","overlay-color":"","overlay-opacity":"","overlay-gradient":""},"mobile":{"background-color":"","background-image":"","background-repeat":"repeat","background-position":"center center","background-size":"auto","background-attachment":"scroll","background-type":"","background-media":"","overlay-type":"","overlay-color":"","overlay-opacity":"","overlay-gradient":""}},"ast-content-background-meta":{"desktop":{"background-color":"var(--ast-global-color-4)","background-image":"","background-repeat":"repeat","background-position":"center center","background-size":"auto","background-attachment":"scroll","background-type":"","background-media":"","overlay-type":"","overlay-color":"","overlay-opacity":"","overlay-gradient":""},"tablet":{"background-color":"var(--ast-global-color-4)","background-image":"","background-repeat":"repeat","background-position":"center center","background-size":"auto","background-attachment":"scroll","background-type":"","background-media":"","overlay-type":"","overlay-color":"","overlay-opacity":"","overlay-gradient":""},"mobile":{"background-color":"var(--ast-global-color-4)","background-image":"","background-repeat":"repeat","background-position":"center center","background-size":"auto","background-attachment":"scroll","background-type":"","background-media":"","overlay-type":"","overlay-color":"","overlay-opacity":"","overlay-gradient":""}},"footnotes":""},"class_list":["post-7","page","type-page","status-publish","hentry"],"_links":{"self":[{"href":"https:\/\/www.okdream.com.co\/index.php\/wp-json\/wp\/v2\/pages\/7","targetHints":{"allow":["GET"]}}],"collection":[{"href":"https:\/\/www.okdream.com.co\/index.php\/wp-json\/wp\/v2\/pages"}],"about":[{"href":"https:\/\/www.okdream.com.co\/index.php\/wp-json\/wp\/v2\/types\/page"}],"author":[{"embeddable":true,"href":"https:\/\/www.okdream.com.co\/index.php\/wp-json\/wp\/v2\/users\/1"}],"replies":[{"embeddable":true,"href":"https:\/\/www.okdream.com.co\/index.php\/wp-json\/wp\/v2\/comments?post=7"}],"version-history":[{"count":45,"href":"https:\/\/www.okdream.com.co\/index.php\/wp-json\/wp\/v2\/pages\/7\/revisions"}],"predecessor-version":[{"id":125,"href":"https:\/\/www.okdream.com.co\/index.php\/wp-json\/wp\/v2\/pages\/7\/revisions\/125"}],"wp:attachment":[{"href":"https:\/\/www.okdream.com.co\/index.php\/wp-json\/wp\/v2\/media?parent=7"}],"curies":[{"name":"wp","href":"https:\/\/api.w.org\/{rel}","templated":true}]}}